{"id":799,"date":"2019-05-17T07:58:52","date_gmt":"2019-05-17T10:58:52","guid":{"rendered":"http:\/\/demoapus-wp.com\/careerup\/?page_id=799"},"modified":"2020-01-20T17:38:15","modified_gmt":"2020-01-20T19:38:15","slug":"vagas","status":"publish","type":"page","link":"https:\/\/fcdlce.com.br\/bancodetalentos\/vagas\/","title":{"rendered":"Vagas"},"content":{"rendered":"\t\t<div data-elementor-type=\"wp-post\" data-elementor-id=\"799\" class=\"elementor elementor-799\" data-elementor-settings=\"[]\">\n\t\t\t<div class=\"elementor-inner\">\n\t\t\t\t<div class=\"elementor-section-wrap\">\n\t\t\t\t\t\t\t<section class=\"elementor-element elementor-element-1e46 elementor-section-boxed elementor-section-height-default elementor-section-height-default elementor-section elementor-top-section\" data-id=\"1e46\" data-element_type=\"section\">\n\t\t\t\t\t\t<div class=\"elementor-container elementor-column-gap-default\">\n\t\t\t\t<div class=\"elementor-row\">\n\t\t\t\t<div class=\"elementor-element elementor-element-6807 elementor-column elementor-col-100 elementor-top-column\" data-id=\"6807\" data-element_type=\"column\">\n\t\t\t<div class=\"elementor-column-wrap  elementor-element-populated\">\n\t\t\t\t\t<div class=\"elementor-widget-wrap\">\n\t\t\t\t<div class=\"elementor-element elementor-element-1d34 elementor-widget elementor-widget-text-editor\" data-id=\"1d34\" data-element_type=\"widget\" data-widget_type=\"text-editor.default\">\n\t\t\t\t<div class=\"elementor-widget-container\">\n\t\t\t\t\t<div class=\"elementor-text-editor elementor-clearfix\"><!-- wp:html -->\n<div class=\"jobs-listing-wrapper main-items-wrapper\" data-display_mode=\"list\">\n\t<div class=\"results-count\">\n\tMostrando <span class=\"first\">1<\/span> &ndash; <span class=\"last\">7<\/span> de 46 resultados<\/div><div class=\"jobs-alert-ordering-wrapper\">\n<div class=\"job-alert-form-btn\">\n\t<a href=\"javascript:void(0);\" class=\"btn btn-theme btn-job-alert\">Receba alertas de vagas<\/a>\n<\/div>\n<div class=\"job-alert-form-wrapper hidden\">\n\t<form method=\"get\" action=\"\" class=\"job-alert-form\">\n\t\t<div class=\"form-group\">\n\t\t    <label for=\"job_alert_title\">T\u00edtulo<\/label>\n\n\t\t    <input type=\"text\" name=\"name\" class=\"form-control\" id=\"job_alert_title\" placeholder=\"T\u00edtulo\">\n\t\t<\/div><!-- \/.form-group -->\n\n\t\t<div class=\"form-group\">\n\t\t    <label for=\"job_alert_email_frequency\">Frequ\u00eancia<\/label>\n\t\t    <div class=\"wrapper-select\">\n\t\t\t    <select name=\"email_frequency\" class=\"form-control\" id=\"job_alert_email_frequency\">\n\t\t\t        \t\t\t            \t\t\t                    <option value=\"daily\">Di\u00e1rio<\/option>\n\n\t\t\t                \t\t\t            \t\t\t                    <option value=\"weekly\">Semanal<\/option>\n\n\t\t\t                \t\t\t            \t\t\t                    <option value=\"fortnightly\">Quinzenaly<\/option>\n\n\t\t\t                \t\t\t            \t\t\t                    <option value=\"monthly\">Mensal<\/option>\n\n\t\t\t                \t\t\t            \t\t\t                    <option value=\"biannually\">Bianual<\/option>\n\n\t\t\t                \t\t\t            \t\t\t                    <option value=\"annually\">Anual<\/option>\n\n\t\t\t                \t\t\t            \t\t\t        \t\t\t    <\/select>\n\t\t    <\/div>\n\t\t<\/div><!-- \/.form-group -->\n\n\t\t<input type=\"hidden\" id=\"nonce\" name=\"nonce\" value=\"6a489065b3\" \/><input type=\"hidden\" name=\"_wp_http_referer\" value=\"\/bancodetalentos\/wp-json\/wp\/v2\/pages\/799\" \/>\n\t\t<div class=\"form-group\">\n\t\t\t<button class=\"button\">Salvar<\/button>\n\t\t<\/div><!-- \/.form-group -->\n\n\t<\/form>\n<\/div><div class=\"jobs-ordering-wrapper\">\n\t<form class=\"jobs-ordering\" method=\"get\" action=\"https:\/\/fcdlce.com.br\/bancodetalentos\/profissionais\/\">\n\t\t<div class=\"label\">Ordenar:<\/div>\n\t\t<select name=\"filter-orderby\" class=\"orderby\" data-placeholder=\"Ordenar\">\n\t\t\t\t\t\t\t<option value=\"menu_order\"  selected='selected'><\/option>\n\t\t\t\t\t\t\t<option value=\"newest\" >Mais recentes<\/option>\n\t\t\t\t\t\t\t<option value=\"oldest\" >Mais antigas<\/option>\n\t\t\t\t\t\t\t<option value=\"random\" ><\/option>\n\t\t\t\t\t<\/select>\n\t\t<input type=\"hidden\" name=\"paged\" value=\"1\" \/>\n\t\t\t<\/form>\n<\/div>\n<\/div>\n\n\t\t\t\t\t\n\t\t<div class=\"jobs-wrapper items-wrapper\">\n\t\t\t\t\t\t\t\t\t\t\t\t<article id=\"post-11183\" class=\"job-list post-11183 job_listing type-job_listing status-publish hentry job_listing_type-contrato job_listing_category-outros job_listing_location-caucaia\" data-latitude=\"\" data-longitude=\"\">\n    <div class=\"flex-sm\">\n\n        <div class=\"employer-logo flex-middle hidden-xs\">\n            <a href=\"https:\/\/fcdlce.com.br\/bancodetalentos\/job\/saber-treinamento-e-desenvolvimento-caucaia-contrato-secretaria\/\">\n                                    <img width=\"150\" height=\"150\" src=\"https:\/\/fcdlce.com.br\/bancodetalentos\/wp-content\/uploads\/wp-job-board-uploads\/_employer_featured_image\/2020\/06\/LOGO-Saber-150x150.jpg\" class=\"attachment-thumbnail size-thumbnail wp-post-image\" alt=\"\" decoding=\"async\" loading=\"lazy\" srcset=\"https:\/\/fcdlce.com.br\/bancodetalentos\/wp-content\/uploads\/wp-job-board-uploads\/_employer_featured_image\/2020\/06\/LOGO-Saber-150x150.jpg 150w, https:\/\/fcdlce.com.br\/bancodetalentos\/wp-content\/uploads\/wp-job-board-uploads\/_employer_featured_image\/2020\/06\/LOGO-Saber-300x300.jpg 300w, https:\/\/fcdlce.com.br\/bancodetalentos\/wp-content\/uploads\/wp-job-board-uploads\/_employer_featured_image\/2020\/06\/LOGO-Saber-410x410.jpg 410w\" sizes=\"(max-width: 150px) 100vw, 150px\" \/>                            <\/a>\n        <\/div>\n        \n        <div class=\"job-information flex-middle\">\n            <div class=\"inner\">\n                                                            <a class=\"text-theme type-job\" href=\"https:\/\/fcdlce.com.br\/bancodetalentos\/job-type\/contrato\/\">Contrato<\/a>\n                                    \n                <div class=\"job-title-wrapper\">\n                    <h2 class=\"job-title\"><a href=\"https:\/\/fcdlce.com.br\/bancodetalentos\/job\/saber-treinamento-e-desenvolvimento-caucaia-contrato-secretaria\/\" rel=\"bookmark\">Secret\u00e1ria<\/a><\/h2>\n                                    <\/div>\n\n                <div class=\"job-date-author\">\n                     postado 5 anos atr\u00e1s \n                    por <a href=\"https:\/\/fcdlce.com.br\/bancodetalentos\/employer\/saber-treinamento-e-desenvolvimento\/\" class=\"employer text-theme\">Saber Treinamento e Desenvolvimento<\/a>                <\/div>\n                <div class=\"job-metas\">\n                                                        <\/div>\n            <\/div>\n            <div class=\"ali-right hidden-xs\">\n                                <div class=\"wrapper-shortlist\">\n                    <a href=\"javascript:void(0);\" class=\"btn-add-job-shortlist\" data-job_id=\"11183\" data-nonce=\"1d132f69a0\"><i class=\"flaticon-favorites\"><\/i><\/a>\n                <\/div>\n            <\/div>\n        <\/div>\n    <\/div>\n            <span class=\"urgent\">urgente<\/span>\n    <\/article><!-- #post-## -->\n\t\t\t\t\t\t\t\t\t<article id=\"post-8216\" class=\"job-list post-8216 job_listing type-job_listing status-publish hentry job_listing_location-vicosa-do-ceara\" data-latitude=\"-3.5667684\" data-longitude=\"-41.091504\">\n    <div class=\"flex-sm\">\n\n        <div class=\"employer-logo flex-middle hidden-xs\">\n            <a href=\"https:\/\/fcdlce.com.br\/bancodetalentos\/job\/promotor-de-vendas\/\">\n                                    <img width=\"150\" height=\"150\" src=\"https:\/\/fcdlce.com.br\/bancodetalentos\/wp-content\/uploads\/2020\/09\/coife-odonto-squarelogo-1553145171216-150x150.png\" class=\"attachment-thumbnail size-thumbnail wp-post-image\" alt=\"\" decoding=\"async\" loading=\"lazy\" srcset=\"https:\/\/fcdlce.com.br\/bancodetalentos\/wp-content\/uploads\/2020\/09\/coife-odonto-squarelogo-1553145171216-150x150.png 150w, https:\/\/fcdlce.com.br\/bancodetalentos\/wp-content\/uploads\/2020\/09\/coife-odonto-squarelogo-1553145171216.png 180w\" sizes=\"(max-width: 150px) 100vw, 150px\" \/>                            <\/a>\n        <\/div>\n        \n        <div class=\"job-information flex-middle\">\n            <div class=\"inner\">\n                \n                <div class=\"job-title-wrapper\">\n                    <h2 class=\"job-title\"><a href=\"https:\/\/fcdlce.com.br\/bancodetalentos\/job\/promotor-de-vendas\/\" rel=\"bookmark\">PROMOTOR DE VENDAS<\/a><\/h2>\n                            <span class=\"featured\" data-toggle=\"tooltip\" title=\"destaque\"><i class=\"fa fa-star text-theme\"><\/i><\/span>\n                    <\/div>\n\n                <div class=\"job-date-author\">\n                     postado 6 anos atr\u00e1s \n                    por <a href=\"https:\/\/fcdlce.com.br\/bancodetalentos\/employer\/coifeodonto\/\" class=\"employer text-theme\">coifeodonto<\/a>                <\/div>\n                <div class=\"job-metas\">\n                                            <div class=\"job-location\"><i class=\"flaticon-location-pin\"><\/i>Vi\u00e7osa do Cear\u00e1<\/div>\n                                                        <\/div>\n            <\/div>\n            <div class=\"ali-right hidden-xs\">\n                                <div class=\"wrapper-shortlist\">\n                    <a href=\"javascript:void(0);\" class=\"btn-add-job-shortlist\" data-job_id=\"8216\" data-nonce=\"1d132f69a0\"><i class=\"flaticon-favorites\"><\/i><\/a>\n                <\/div>\n            <\/div>\n        <\/div>\n    <\/div>\n            <span class=\"urgent\">urgente<\/span>\n    <\/article><!-- #post-## -->\n\t\t\t\t\t\t\t\t\t<article id=\"post-2181\" class=\"job-list post-2181 job_listing type-job_listing status-publish hentry job_listing_category-vendedor job_listing_location-fortaleza\" data-latitude=\"\" data-longitude=\"\">\n    <div class=\"flex-sm\">\n\n        <div class=\"employer-logo flex-middle hidden-xs\">\n            <a href=\"https:\/\/fcdlce.com.br\/bancodetalentos\/job\/bratt-consultoria-ceara-consultor-comercial-interno-externo\/\">\n                                    <img width=\"150\" height=\"150\" src=\"https:\/\/fcdlce.com.br\/bancodetalentos\/wp-content\/uploads\/wp-job-board-uploads\/_employer_featured_image\/2020\/05\/Bratt-150x150.png\" class=\"attachment-thumbnail size-thumbnail wp-post-image\" alt=\"\" decoding=\"async\" loading=\"lazy\" srcset=\"https:\/\/fcdlce.com.br\/bancodetalentos\/wp-content\/uploads\/wp-job-board-uploads\/_employer_featured_image\/2020\/05\/Bratt-150x150.png 150w, https:\/\/fcdlce.com.br\/bancodetalentos\/wp-content\/uploads\/wp-job-board-uploads\/_employer_featured_image\/2020\/05\/Bratt.png 200w\" sizes=\"(max-width: 150px) 100vw, 150px\" \/>                            <\/a>\n        <\/div>\n        \n        <div class=\"job-information flex-middle\">\n            <div class=\"inner\">\n                \n                <div class=\"job-title-wrapper\">\n                    <h2 class=\"job-title\"><a href=\"https:\/\/fcdlce.com.br\/bancodetalentos\/job\/bratt-consultoria-ceara-consultor-comercial-interno-externo\/\" rel=\"bookmark\">Consultor Comercial Interno\/Externo<\/a><\/h2>\n                                    <\/div>\n\n                <div class=\"job-date-author\">\n                     postado 6 anos atr\u00e1s \n                    por <a href=\"https:\/\/fcdlce.com.br\/bancodetalentos\/employer\/bratt-consultoria\/\" class=\"employer text-theme\">Bratt Consultoria<\/a>                <\/div>\n                <div class=\"job-metas\">\n                                            <div class=\"job-location\"><i class=\"flaticon-location-pin\"><\/i>Fortaleza<\/div>\n                                                        <\/div>\n            <\/div>\n            <div class=\"ali-right hidden-xs\">\n                                <div class=\"wrapper-shortlist\">\n                    <a href=\"javascript:void(0);\" class=\"btn-add-job-shortlist\" data-job_id=\"2181\" data-nonce=\"1d132f69a0\"><i class=\"flaticon-favorites\"><\/i><\/a>\n                <\/div>\n            <\/div>\n        <\/div>\n    <\/div>\n            <span class=\"urgent\">urgente<\/span>\n    <\/article><!-- #post-## -->\n\t\t\t\t\t\t\t\t\t<article id=\"post-11528\" class=\"job-list post-11528 job_listing type-job_listing status-publish has-post-thumbnail hentry job_listing_type-estagio job_listing_category-atendente job_listing_category-atendimento-ao-cliente job_listing_category-comercial job_listing_category-outros job_listing_category-recepcionista job_listing_location-fortaleza\" data-latitude=\"\" data-longitude=\"\">\n    <div class=\"flex-sm\">\n\n        <div class=\"employer-logo flex-middle hidden-xs\">\n            <a href=\"https:\/\/fcdlce.com.br\/bancodetalentos\/job\/estagiario-de-recepcao\/\">\n                                    <img width=\"145\" height=\"91\" src=\"https:\/\/fcdlce.com.br\/bancodetalentos\/wp-content\/uploads\/wp-job-board-uploads\/_employer_featured_image\/2021\/07\/Loco-Clinica.png\" class=\"attachment-thumbnail size-thumbnail wp-post-image\" alt=\"\" decoding=\"async\" loading=\"lazy\" \/>                            <\/a>\n        <\/div>\n        \n        <div class=\"job-information flex-middle\">\n            <div class=\"inner\">\n                                                            <a class=\"text-theme type-job\" href=\"https:\/\/fcdlce.com.br\/bancodetalentos\/job-type\/estagio\/\">Est\u00e1gio<\/a>\n                                    \n                <div class=\"job-title-wrapper\">\n                    <h2 class=\"job-title\"><a href=\"https:\/\/fcdlce.com.br\/bancodetalentos\/job\/estagiario-de-recepcao\/\" rel=\"bookmark\">Estagi\u00e1rio de Recep\u00e7\u00e3o<\/a><\/h2>\n                                    <\/div>\n\n                <div class=\"job-date-author\">\n                     postado 5 anos atr\u00e1s \n                    por <a href=\"https:\/\/fcdlce.com.br\/bancodetalentos\/employer\/clinica-sim-2\/\" class=\"employer text-theme\">Cl\u00ednica SiM<\/a>                <\/div>\n                <div class=\"job-metas\">\n                                                        <\/div>\n            <\/div>\n            <div class=\"ali-right hidden-xs\">\n                                <div class=\"wrapper-shortlist\">\n                    <a href=\"javascript:void(0);\" class=\"btn-add-job-shortlist\" data-job_id=\"11528\" data-nonce=\"1d132f69a0\"><i class=\"flaticon-favorites\"><\/i><\/a>\n                <\/div>\n            <\/div>\n        <\/div>\n    <\/div>\n    <\/article><!-- #post-## -->\n\t\t\t\t\t\t\t\t\t<article id=\"post-11524\" class=\"job-list post-11524 job_listing type-job_listing status-publish hentry job_listing_type-estagio job_listing_location-fortaleza\" data-latitude=\"\" data-longitude=\"\">\n    <div class=\"flex-sm\">\n\n        <div class=\"employer-logo flex-middle hidden-xs\">\n            <a href=\"https:\/\/fcdlce.com.br\/bancodetalentos\/job\/aquila-fortaleza-estagio-estagiario-aquila-consultoria\/\">\n                                    <img decoding=\"async\" src=\"https:\/\/fcdlce.com.br\/bancodetalentos\/wp-content\/themes\/careerup\/images\/placeholder.png\" alt=\"Aquila\">\n                            <\/a>\n        <\/div>\n        \n        <div class=\"job-information flex-middle\">\n            <div class=\"inner\">\n                                                            <a class=\"text-theme type-job\" href=\"https:\/\/fcdlce.com.br\/bancodetalentos\/job-type\/estagio\/\">Est\u00e1gio<\/a>\n                                    \n                <div class=\"job-title-wrapper\">\n                    <h2 class=\"job-title\"><a href=\"https:\/\/fcdlce.com.br\/bancodetalentos\/job\/aquila-fortaleza-estagio-estagiario-aquila-consultoria\/\" rel=\"bookmark\">Estagi\u00e1rio &#8211; Aquila Consultoria<\/a><\/h2>\n                                    <\/div>\n\n                <div class=\"job-date-author\">\n                     postado 5 anos atr\u00e1s \n                    por <a href=\"https:\/\/fcdlce.com.br\/bancodetalentos\/employer\/aquila\/\" class=\"employer text-theme\">Aquila<\/a>                <\/div>\n                <div class=\"job-metas\">\n                                                        <\/div>\n            <\/div>\n            <div class=\"ali-right hidden-xs\">\n                                <div class=\"wrapper-shortlist\">\n                    <a href=\"javascript:void(0);\" class=\"btn-add-job-shortlist\" data-job_id=\"11524\" data-nonce=\"1d132f69a0\"><i class=\"flaticon-favorites\"><\/i><\/a>\n                <\/div>\n            <\/div>\n        <\/div>\n    <\/div>\n    <\/article><!-- #post-## -->\n\t\t\t\t\t\t\t\t\t<article id=\"post-11313\" class=\"job-list post-11313 job_listing type-job_listing status-publish hentry job_listing_category-outros job_listing_location-caucaia\" data-latitude=\"\" data-longitude=\"\">\n    <div class=\"flex-sm\">\n\n        <div class=\"employer-logo flex-middle hidden-xs\">\n            <a href=\"https:\/\/fcdlce.com.br\/bancodetalentos\/job\/saber-treinamento-e-desenvolvimento-caucaia-tecnicoa-de-enfermagem\/\">\n                                    <img width=\"150\" height=\"150\" src=\"https:\/\/fcdlce.com.br\/bancodetalentos\/wp-content\/uploads\/wp-job-board-uploads\/_employer_featured_image\/2020\/06\/LOGO-Saber-150x150.jpg\" class=\"attachment-thumbnail size-thumbnail wp-post-image\" alt=\"\" decoding=\"async\" loading=\"lazy\" srcset=\"https:\/\/fcdlce.com.br\/bancodetalentos\/wp-content\/uploads\/wp-job-board-uploads\/_employer_featured_image\/2020\/06\/LOGO-Saber-150x150.jpg 150w, https:\/\/fcdlce.com.br\/bancodetalentos\/wp-content\/uploads\/wp-job-board-uploads\/_employer_featured_image\/2020\/06\/LOGO-Saber-300x300.jpg 300w, https:\/\/fcdlce.com.br\/bancodetalentos\/wp-content\/uploads\/wp-job-board-uploads\/_employer_featured_image\/2020\/06\/LOGO-Saber-410x410.jpg 410w\" sizes=\"(max-width: 150px) 100vw, 150px\" \/>                            <\/a>\n        <\/div>\n        \n        <div class=\"job-information flex-middle\">\n            <div class=\"inner\">\n                \n                <div class=\"job-title-wrapper\">\n                    <h2 class=\"job-title\"><a href=\"https:\/\/fcdlce.com.br\/bancodetalentos\/job\/saber-treinamento-e-desenvolvimento-caucaia-tecnicoa-de-enfermagem\/\" rel=\"bookmark\">T\u00c9CNICO(A) DE ENFERMAGEM<\/a><\/h2>\n                                    <\/div>\n\n                <div class=\"job-date-author\">\n                     postado 5 anos atr\u00e1s \n                    por <a href=\"https:\/\/fcdlce.com.br\/bancodetalentos\/employer\/saber-treinamento-e-desenvolvimento\/\" class=\"employer text-theme\">Saber Treinamento e Desenvolvimento<\/a>                <\/div>\n                <div class=\"job-metas\">\n                                                        <\/div>\n            <\/div>\n            <div class=\"ali-right hidden-xs\">\n                                <div class=\"wrapper-shortlist\">\n                    <a href=\"javascript:void(0);\" class=\"btn-add-job-shortlist\" data-job_id=\"11313\" data-nonce=\"1d132f69a0\"><i class=\"flaticon-favorites\"><\/i><\/a>\n                <\/div>\n            <\/div>\n        <\/div>\n    <\/div>\n    <\/article><!-- #post-## -->\n\t\t\t\t\t\t\t\t\t<article id=\"post-11311\" class=\"job-list post-11311 job_listing type-job_listing status-publish hentry job_listing_category-outros job_listing_location-fortaleza\" data-latitude=\"\" data-longitude=\"\">\n    <div class=\"flex-sm\">\n\n        <div class=\"employer-logo flex-middle hidden-xs\">\n            <a href=\"https:\/\/fcdlce.com.br\/bancodetalentos\/job\/saber-treinamento-e-desenvolvimento-fortaleza-supervisor-de-patrimonio\/\">\n                                    <img width=\"150\" height=\"150\" src=\"https:\/\/fcdlce.com.br\/bancodetalentos\/wp-content\/uploads\/wp-job-board-uploads\/_employer_featured_image\/2020\/06\/LOGO-Saber-150x150.jpg\" class=\"attachment-thumbnail size-thumbnail wp-post-image\" alt=\"\" decoding=\"async\" loading=\"lazy\" srcset=\"https:\/\/fcdlce.com.br\/bancodetalentos\/wp-content\/uploads\/wp-job-board-uploads\/_employer_featured_image\/2020\/06\/LOGO-Saber-150x150.jpg 150w, https:\/\/fcdlce.com.br\/bancodetalentos\/wp-content\/uploads\/wp-job-board-uploads\/_employer_featured_image\/2020\/06\/LOGO-Saber-300x300.jpg 300w, https:\/\/fcdlce.com.br\/bancodetalentos\/wp-content\/uploads\/wp-job-board-uploads\/_employer_featured_image\/2020\/06\/LOGO-Saber-410x410.jpg 410w\" sizes=\"(max-width: 150px) 100vw, 150px\" \/>                            <\/a>\n        <\/div>\n        \n        <div class=\"job-information flex-middle\">\n            <div class=\"inner\">\n                \n                <div class=\"job-title-wrapper\">\n                    <h2 class=\"job-title\"><a href=\"https:\/\/fcdlce.com.br\/bancodetalentos\/job\/saber-treinamento-e-desenvolvimento-fortaleza-supervisor-de-patrimonio\/\" rel=\"bookmark\">SUPERVISOR DE PATRIM\u00d4NIO<\/a><\/h2>\n                                    <\/div>\n\n                <div class=\"job-date-author\">\n                     postado 5 anos atr\u00e1s \n                    por <a href=\"https:\/\/fcdlce.com.br\/bancodetalentos\/employer\/saber-treinamento-e-desenvolvimento\/\" class=\"employer text-theme\">Saber Treinamento e Desenvolvimento<\/a>                <\/div>\n                <div class=\"job-metas\">\n                                                        <\/div>\n            <\/div>\n            <div class=\"ali-right hidden-xs\">\n                                <div class=\"wrapper-shortlist\">\n                    <a href=\"javascript:void(0);\" class=\"btn-add-job-shortlist\" data-job_id=\"11311\" data-nonce=\"1d132f69a0\"><i class=\"flaticon-favorites\"><\/i><\/a>\n                <\/div>\n            <\/div>\n        <\/div>\n    <\/div>\n    <\/article><!-- #post-## -->\n\t\t\t\t\t\t\t\t\t<\/div>\n\n\t\t\n\t\n\t<\/div><div class=\"jobs-pagination-wrapper main-pagination-wrapper\">\n\t<ul class=\"pagination \"><li><span class=\"page-numbers current\">1<\/span><\/li><li><a class=\"page-numbers\" href=\"https:\/\/fcdlce.com.br\/bancodetalentos\/wp-json\/wp\/v2\/pages\/799\/page\/2\/\">2<\/a><\/li><li><a class=\"page-numbers\" href=\"https:\/\/fcdlce.com.br\/bancodetalentos\/wp-json\/wp\/v2\/pages\/799\/page\/3\/\">3<\/a><\/li><li><span class=\"page-numbers dots\">&hellip;<\/span><\/li><li><a class=\"page-numbers\" href=\"https:\/\/fcdlce.com.br\/bancodetalentos\/wp-json\/wp\/v2\/pages\/799\/page\/7\/\">7<\/a><\/li><li><a class=\"next page-numbers\" href=\"https:\/\/fcdlce.com.br\/bancodetalentos\/wp-json\/wp\/v2\/pages\/799\/page\/2\/\">Pr\u00f3ximo <i class=\"flaticon-right-arrow\"><\/i><\/a><\/li><\/ul><\/div>\n\n<!-- \/wp:html --><\/div>\n\t\t\t\t<\/div>\n\t\t\t\t<\/div>\n\t\t\t\t\t\t<\/div>\n\t\t\t<\/div>\n\t\t<\/div>\n\t\t\t\t\t\t<\/div>\n\t\t\t<\/div>\n\t\t<\/section>\n\t\t\t\t\t\t<\/div>\n\t\t\t<\/div>\n\t\t<\/div>\n\t\t","protected":false},"excerpt":{"rendered":"","protected":false},"author":1,"featured_media":0,"parent":0,"menu_order":0,"comment_status":"closed","ping_status":"closed","template":"page-jobs.php","meta":[],"_links":{"self":[{"href":"https:\/\/fcdlce.com.br\/bancodetalentos\/wp-json\/wp\/v2\/pages\/799"}],"collection":[{"href":"https:\/\/fcdlce.com.br\/bancodetalentos\/wp-json\/wp\/v2\/pages"}],"about":[{"href":"https:\/\/fcdlce.com.br\/bancodetalentos\/wp-json\/wp\/v2\/types\/page"}],"author":[{"embeddable":true,"href":"https:\/\/fcdlce.com.br\/bancodetalentos\/wp-json\/wp\/v2\/users\/1"}],"replies":[{"embeddable":true,"href":"https:\/\/fcdlce.com.br\/bancodetalentos\/wp-json\/wp\/v2\/comments?post=799"}],"version-history":[{"count":1,"href":"https:\/\/fcdlce.com.br\/bancodetalentos\/wp-json\/wp\/v2\/pages\/799\/revisions"}],"predecessor-version":[{"id":1650,"href":"https:\/\/fcdlce.com.br\/bancodetalentos\/wp-json\/wp\/v2\/pages\/799\/revisions\/1650"}],"wp:attachment":[{"href":"https:\/\/fcdlce.com.br\/bancodetalentos\/wp-json\/wp\/v2\/media?parent=799"}],"curies":[{"name":"wp","href":"https:\/\/api.w.org\/{rel}","templated":true}]}}