{"id":670,"date":"2019-05-06T07:55:48","date_gmt":"2019-05-06T10:55:48","guid":{"rendered":"http:\/\/demoapus-wp.com\/careerup\/?page_id=670"},"modified":"2020-01-20T17:32:38","modified_gmt":"2020-01-20T19:32:38","slug":"alterar-senha","status":"publish","type":"page","link":"https:\/\/fcdlce.com.br\/bancodetalentos\/alterar-senha\/","title":{"rendered":"Alterar senha"},"content":{"rendered":"\t\t<div data-elementor-type=\"wp-post\" data-elementor-id=\"670\" class=\"elementor elementor-670\" data-elementor-settings=\"[]\">\n\t\t\t<div class=\"elementor-inner\">\n\t\t\t\t<div class=\"elementor-section-wrap\">\n\t\t\t\t\t\t\t<section class=\"elementor-element elementor-element-7153 elementor-section-boxed elementor-section-height-default elementor-section-height-default elementor-section elementor-top-section\" data-id=\"7153\" data-element_type=\"section\">\n\t\t\t\t\t\t<div class=\"elementor-container elementor-column-gap-default\">\n\t\t\t\t<div class=\"elementor-row\">\n\t\t\t\t<div class=\"elementor-element elementor-element-3a90 elementor-column elementor-col-100 elementor-top-column\" data-id=\"3a90\" data-element_type=\"column\">\n\t\t\t<div class=\"elementor-column-wrap  elementor-element-populated\">\n\t\t\t\t\t<div class=\"elementor-widget-wrap\">\n\t\t\t\t<div class=\"elementor-element elementor-element-7f89 elementor-widget elementor-widget-text-editor\" data-id=\"7f89\" data-element_type=\"widget\" data-widget_type=\"text-editor.default\">\n\t\t\t\t<div class=\"elementor-widget-container\">\n\t\t\t\t\t<div class=\"elementor-text-editor elementor-clearfix\"><!-- wp:html -->\n\n<div class=\"alert alert-warning not-allow-wrapper\">\n\tVoc\u00ea n\u00e3o tem permiss\u00e3o para acessar esta p\u00e1gina.<\/div><!-- \/.alert -->\n\n<!-- \/wp:html --><\/div>\n\t\t\t\t<\/div>\n\t\t\t\t<\/div>\n\t\t\t\t\t\t<\/div>\n\t\t\t<\/div>\n\t\t<\/div>\n\t\t\t\t\t\t<\/div>\n\t\t\t<\/div>\n\t\t<\/section>\n\t\t\t\t\t\t<\/div>\n\t\t\t<\/div>\n\t\t<\/div>\n\t\t","protected":false},"excerpt":{"rendered":"","protected":false},"author":1,"featured_media":0,"parent":0,"menu_order":0,"comment_status":"closed","ping_status":"closed","template":"page-dashboard.php","meta":[],"_links":{"self":[{"href":"https:\/\/fcdlce.com.br\/bancodetalentos\/wp-json\/wp\/v2\/pages\/670"}],"collection":[{"href":"https:\/\/fcdlce.com.br\/bancodetalentos\/wp-json\/wp\/v2\/pages"}],"about":[{"href":"https:\/\/fcdlce.com.br\/bancodetalentos\/wp-json\/wp\/v2\/types\/page"}],"author":[{"embeddable":true,"href":"https:\/\/fcdlce.com.br\/bancodetalentos\/wp-json\/wp\/v2\/users\/1"}],"replies":[{"embeddable":true,"href":"https:\/\/fcdlce.com.br\/bancodetalentos\/wp-json\/wp\/v2\/comments?post=670"}],"version-history":[{"count":1,"href":"https:\/\/fcdlce.com.br\/bancodetalentos\/wp-json\/wp\/v2\/pages\/670\/revisions"}],"predecessor-version":[{"id":1634,"href":"https:\/\/fcdlce.com.br\/bancodetalentos\/wp-json\/wp\/v2\/pages\/670\/revisions\/1634"}],"wp:attachment":[{"href":"https:\/\/fcdlce.com.br\/bancodetalentos\/wp-json\/wp\/v2\/media?parent=670"}],"curies":[{"name":"wp","href":"https:\/\/api.w.org\/{rel}","templated":true}]}}