{"id":158,"date":"2019-04-23T04:14:36","date_gmt":"2019-04-23T07:14:36","guid":{"rendered":"http:\/\/demoapus-wp.com\/careerup\/?page_id=158"},"modified":"2020-06-13T14:38:34","modified_gmt":"2020-06-13T17:38:34","slug":"institucional","status":"publish","type":"page","link":"https:\/\/fcdlce.com.br\/bancodetalentos\/institucional\/","title":{"rendered":"Institucional"},"content":{"rendered":"\t\t<div data-elementor-type=\"wp-post\" data-elementor-id=\"158\" class=\"elementor elementor-158\" data-elementor-settings=\"[]\">\n\t\t\t<div class=\"elementor-inner\">\n\t\t\t\t<div class=\"elementor-section-wrap\">\n\t\t\t\t\t\t\t<section class=\"elementor-element elementor-element-87fea8d elementor-section-stretched elementor-section-content-middle elementor-section-boxed elementor-section-height-default elementor-section-height-default elementor-section elementor-top-section\" data-id=\"87fea8d\" data-element_type=\"section\" data-settings=\"{&quot;stretch_section&quot;:&quot;section-stretched&quot;}\">\n\t\t\t\t\t\t<div class=\"elementor-container elementor-column-gap-extended\">\n\t\t\t\t<div class=\"elementor-row\">\n\t\t\t\t<div class=\"elementor-element elementor-element-66548d4 elementor-column elementor-col-100 elementor-top-column\" data-id=\"66548d4\" data-element_type=\"column\">\n\t\t\t<div class=\"elementor-column-wrap  elementor-element-populated\">\n\t\t\t\t\t<div class=\"elementor-widget-wrap\">\n\t\t\t\t<section class=\"elementor-element elementor-element-ee22fb0 elementor-section-content-middle elementor-section-boxed elementor-section-height-default elementor-section-height-default elementor-section elementor-inner-section\" data-id=\"ee22fb0\" data-element_type=\"section\">\n\t\t\t\t\t\t<div class=\"elementor-container elementor-column-gap-no\">\n\t\t\t\t<div class=\"elementor-row\">\n\t\t\t\t<div class=\"elementor-element elementor-element-9702af6 elementor-column elementor-col-50 elementor-inner-column\" data-id=\"9702af6\" data-element_type=\"column\">\n\t\t\t<div class=\"elementor-column-wrap  elementor-element-populated\">\n\t\t\t\t\t<div class=\"elementor-widget-wrap\">\n\t\t\t\t<div class=\"elementor-element elementor-element-07ec1c6 elementor-widget elementor-widget-heading\" data-id=\"07ec1c6\" data-element_type=\"widget\" data-widget_type=\"heading.default\">\n\t\t\t\t<div class=\"elementor-widget-container\">\n\t\t\t<h2 class=\"elementor-heading-title elementor-size-default\">BANCO DE TALENTOS<\/h2>\t\t<\/div>\n\t\t\t\t<\/div>\n\t\t\t\t<div class=\"elementor-element elementor-element-13835de elementor-widget elementor-widget-spacer\" data-id=\"13835de\" data-element_type=\"widget\" data-widget_type=\"spacer.default\">\n\t\t\t\t<div class=\"elementor-widget-container\">\n\t\t\t\t\t<div class=\"elementor-spacer\">\n\t\t\t<div class=\"elementor-spacer-inner\"><\/div>\n\t\t<\/div>\n\t\t\t\t<\/div>\n\t\t\t\t<\/div>\n\t\t\t\t<div class=\"elementor-element elementor-element-a53fa6a elementor-widget elementor-widget-text-editor\" data-id=\"a53fa6a\" data-element_type=\"widget\" data-widget_type=\"text-editor.default\">\n\t\t\t\t<div class=\"elementor-widget-container\">\n\t\t\t\t\t<div class=\"elementor-text-editor elementor-clearfix\">A Federa\u00e7\u00e3o das CDLs do Estado do Cear\u00e1 apresenta a plataforma <strong>BANCO DE TALENTOS<\/strong>, um sistema desenvolvido para aproximar empresas e candidatos que buscam servi\u00e7os de recrutamento, sele\u00e7\u00e3o e capacita\u00e7\u00e3o profissional.\n<br><br>\n<a class=\"btn btn-theme\" href=\"http:\/\/fcdlce.com.br\/bancodetalentos\/entrar-registrar\/\">Cadastre-se<i class=\"space-left-12 flaticon-right-arrow\"><\/i><\/a><\/div>\n\t\t\t\t<\/div>\n\t\t\t\t<\/div>\n\t\t\t\t\t\t<\/div>\n\t\t\t<\/div>\n\t\t<\/div>\n\t\t\t\t<div class=\"elementor-element elementor-element-2d1b389 elementor-column elementor-col-50 elementor-inner-column\" data-id=\"2d1b389\" data-element_type=\"column\">\n\t\t\t<div class=\"elementor-column-wrap  elementor-element-populated\">\n\t\t\t\t\t<div class=\"elementor-widget-wrap\">\n\t\t\t\t<div class=\"elementor-element elementor-element-5929c0c elementor-widget elementor-widget-image\" data-id=\"5929c0c\" data-element_type=\"widget\" data-widget_type=\"image.default\">\n\t\t\t\t<div class=\"elementor-widget-container\">\n\t\t\t\t\t<div class=\"elementor-image\">\n\t\t\t\t\t\t\t\t\t\t<img width=\"552\" height=\"318\" src=\"https:\/\/fcdlce.com.br\/bancodetalentos\/wp-content\/uploads\/2019\/04\/about.png\" class=\"attachment-large size-large\" alt=\"\" decoding=\"async\" loading=\"lazy\" srcset=\"https:\/\/fcdlce.com.br\/bancodetalentos\/wp-content\/uploads\/2019\/04\/about.png 552w, https:\/\/fcdlce.com.br\/bancodetalentos\/wp-content\/uploads\/2019\/04\/about-300x173.png 300w\" sizes=\"(max-width: 552px) 100vw, 552px\" \/>\t\t\t\t\t\t\t\t\t\t\t<\/div>\n\t\t\t\t<\/div>\n\t\t\t\t<\/div>\n\t\t\t\t\t\t<\/div>\n\t\t\t<\/div>\n\t\t<\/div>\n\t\t\t\t\t\t<\/div>\n\t\t\t<\/div>\n\t\t<\/section>\n\t\t\t\t<div class=\"elementor-element elementor-element-0262762 elementor-widget elementor-widget-spacer\" data-id=\"0262762\" data-element_type=\"widget\" data-widget_type=\"spacer.default\">\n\t\t\t\t<div class=\"elementor-widget-container\">\n\t\t\t\t\t<div class=\"elementor-spacer\">\n\t\t\t<div class=\"elementor-spacer-inner\"><\/div>\n\t\t<\/div>\n\t\t\t\t<\/div>\n\t\t\t\t<\/div>\n\t\t\t\t\t\t<\/div>\n\t\t\t<\/div>\n\t\t<\/div>\n\t\t\t\t\t\t<\/div>\n\t\t\t<\/div>\n\t\t<\/section>\n\t\t\t\t<section class=\"elementor-element elementor-element-6ab996a elementor-section-stretched elementor-section-boxed elementor-section-height-default elementor-section-height-default elementor-section elementor-top-section\" data-id=\"6ab996a\" data-element_type=\"section\" data-settings=\"{&quot;stretch_section&quot;:&quot;section-stretched&quot;,&quot;background_background&quot;:&quot;classic&quot;}\">\n\t\t\t\t\t\t<div class=\"elementor-container elementor-column-gap-extended\">\n\t\t\t\t<div class=\"elementor-row\">\n\t\t\t\t<div class=\"elementor-element elementor-element-9d04163 elementor-column elementor-col-100 elementor-top-column\" data-id=\"9d04163\" data-element_type=\"column\">\n\t\t\t<div class=\"elementor-column-wrap  elementor-element-populated\">\n\t\t\t\t\t<div class=\"elementor-widget-wrap\">\n\t\t\t\t<div class=\"elementor-element elementor-element-df80836 elementor-widget elementor-widget-spacer\" data-id=\"df80836\" data-element_type=\"widget\" data-widget_type=\"spacer.default\">\n\t\t\t\t<div class=\"elementor-widget-container\">\n\t\t\t\t\t<div class=\"elementor-spacer\">\n\t\t\t<div class=\"elementor-spacer-inner\"><\/div>\n\t\t<\/div>\n\t\t\t\t<\/div>\n\t\t\t\t<\/div>\n\t\t\t\t<div class=\"elementor-element elementor-element-e001a4e elementor-widget elementor-widget-heading\" data-id=\"e001a4e\" data-element_type=\"widget\" data-widget_type=\"heading.default\">\n\t\t\t\t<div class=\"elementor-widget-container\">\n\t\t\t<h2 class=\"elementor-heading-title elementor-size-default\">FEDERA\u00c7\u00c3O DAS CDLs DO ESTADO DO CEAR\u00c1<\/h2>\t\t<\/div>\n\t\t\t\t<\/div>\n\t\t\t\t\t\t<\/div>\n\t\t\t<\/div>\n\t\t<\/div>\n\t\t\t\t\t\t<\/div>\n\t\t\t<\/div>\n\t\t<\/section>\n\t\t\t\t<section class=\"elementor-element elementor-element-0727bb5 elementor-section-stretched elementor-section-boxed elementor-section-height-default elementor-section-height-default elementor-section elementor-top-section\" data-id=\"0727bb5\" data-element_type=\"section\" data-settings=\"{&quot;stretch_section&quot;:&quot;section-stretched&quot;,&quot;background_background&quot;:&quot;classic&quot;}\">\n\t\t\t\t\t\t<div class=\"elementor-container elementor-column-gap-default\">\n\t\t\t\t<div class=\"elementor-row\">\n\t\t\t\t<div class=\"elementor-element elementor-element-62c7823 elementor-column elementor-col-50 elementor-top-column\" data-id=\"62c7823\" data-element_type=\"column\">\n\t\t\t<div class=\"elementor-column-wrap  elementor-element-populated\">\n\t\t\t\t\t<div class=\"elementor-widget-wrap\">\n\t\t\t\t<div class=\"elementor-element elementor-element-d12ca90 elementor-widget elementor-widget-image\" data-id=\"d12ca90\" data-element_type=\"widget\" data-widget_type=\"image.default\">\n\t\t\t\t<div class=\"elementor-widget-container\">\n\t\t\t\t\t<div class=\"elementor-image\">\n\t\t\t\t\t\t\t\t\t\t<img width=\"390\" height=\"500\" src=\"https:\/\/fcdlce.com.br\/bancodetalentos\/wp-content\/uploads\/2020\/03\/inst-capa.jpg\" class=\"attachment-large size-large\" alt=\"\" decoding=\"async\" loading=\"lazy\" srcset=\"https:\/\/fcdlce.com.br\/bancodetalentos\/wp-content\/uploads\/2020\/03\/inst-capa.jpg 390w, https:\/\/fcdlce.com.br\/bancodetalentos\/wp-content\/uploads\/2020\/03\/inst-capa-234x300.jpg 234w\" sizes=\"(max-width: 390px) 100vw, 390px\" \/>\t\t\t\t\t\t\t\t\t\t\t<\/div>\n\t\t\t\t<\/div>\n\t\t\t\t<\/div>\n\t\t\t\t\t\t<\/div>\n\t\t\t<\/div>\n\t\t<\/div>\n\t\t\t\t<div class=\"elementor-element elementor-element-f435d92 elementor-column elementor-col-50 elementor-top-column\" data-id=\"f435d92\" data-element_type=\"column\">\n\t\t\t<div class=\"elementor-column-wrap  elementor-element-populated\">\n\t\t\t\t\t<div class=\"elementor-widget-wrap\">\n\t\t\t\t<div class=\"elementor-element elementor-element-0c433a6 elementor-widget elementor-widget-text-editor\" data-id=\"0c433a6\" data-element_type=\"widget\" data-widget_type=\"text-editor.default\">\n\t\t\t\t<div class=\"elementor-widget-container\">\n\t\t\t\t\t<div class=\"elementor-text-editor elementor-clearfix\"><p><span style=\"font-weight: 400;\">A Federa\u00e7\u00e3o das C\u00e2maras de Dirigentes Lojistas e as 83 CDLs atuam em 108 munic\u00edpios e<\/span>\u00a0tem por finalidade:<\/p><ul><li><span style=\"font-weight: 400;\">amparar e orientar os interesses das C\u00e2maras de Dirigentes Lojistas do Cear\u00e1, do com\u00e9rcio varejista e demais atividades empresariais, defender a ordem econ\u00f4mica e a livre iniciativa no \u00e2mbito estadual;<\/span><\/li><li><p><span style=\"font-weight: 400;\">promover a aproxima\u00e7\u00e3o dos dirigentes lojistas, visando ampliar e consolidar a representa\u00e7\u00e3o da classe lojista em todos os foros de discuss\u00e3o e decis\u00e3o de assuntos do interesse do segmento;<\/span><\/p><\/li><li><p><span style=\"font-weight: 400;\">criar clima prop\u00edcio \u00e0 coopera\u00e7\u00e3o e troca de ideias e informa\u00e7\u00f5es com a\u00e7\u00e3o conjunta das C\u00e2maras, nos estudos e defesa de suas demandas;<\/span><\/p><\/li><li><p><span style=\"font-weight: 400;\">estimular o treinamento empresarial, planejando, elaborando e coordenando projetos culturais, ambientais, tur\u00edsticos e sociais;<\/span><\/p><\/li><li><span style=\"font-weight: 400;\">acompanhar e provocar as iniciativas legislativas, estimulando as que possam contribuir para o desenvolvimento pol\u00edtico, econ\u00f4mico e social;<\/span><\/li><\/ul><\/div>\n\t\t\t\t<\/div>\n\t\t\t\t<\/div>\n\t\t\t\t\t\t<\/div>\n\t\t\t<\/div>\n\t\t<\/div>\n\t\t\t\t\t\t<\/div>\n\t\t\t<\/div>\n\t\t<\/section>\n\t\t\t\t<section class=\"elementor-element elementor-element-712fe8b elementor-section-stretched elementor-section-boxed elementor-section-height-default elementor-section-height-default elementor-section elementor-top-section\" data-id=\"712fe8b\" data-element_type=\"section\" data-settings=\"{&quot;stretch_section&quot;:&quot;section-stretched&quot;,&quot;background_background&quot;:&quot;classic&quot;}\">\n\t\t\t\t\t\t<div class=\"elementor-container elementor-column-gap-extended\">\n\t\t\t\t<div class=\"elementor-row\">\n\t\t\t\t<div class=\"elementor-element elementor-element-a698883 elementor-column elementor-col-100 elementor-top-column\" data-id=\"a698883\" data-element_type=\"column\">\n\t\t\t<div class=\"elementor-column-wrap  elementor-element-populated\">\n\t\t\t\t\t<div class=\"elementor-widget-wrap\">\n\t\t\t\t<section class=\"elementor-element elementor-element-0c15097 elementor-section-boxed elementor-section-height-default elementor-section-height-default elementor-section elementor-inner-section\" data-id=\"0c15097\" data-element_type=\"section\">\n\t\t\t\t\t\t<div class=\"elementor-container elementor-column-gap-default\">\n\t\t\t\t<div class=\"elementor-row\">\n\t\t\t\t<div class=\"elementor-element elementor-element-c47953b elementor-column elementor-col-50 elementor-inner-column\" data-id=\"c47953b\" data-element_type=\"column\">\n\t\t\t<div class=\"elementor-column-wrap  elementor-element-populated\">\n\t\t\t\t\t<div class=\"elementor-widget-wrap\">\n\t\t\t\t<div class=\"elementor-element elementor-element-2942cbf elementor-widget elementor-widget-text-editor\" data-id=\"2942cbf\" data-element_type=\"widget\" data-widget_type=\"text-editor.default\">\n\t\t\t\t<div class=\"elementor-widget-container\">\n\t\t\t\t\t<div class=\"elementor-text-editor elementor-clearfix\"><p><b>MISS\u00c3O<\/b><\/p><p><span style=\"font-weight: 400;\">Atuar como articuladora do objetivo das CDLs, elaborando estudos e pesquisas nas diversas \u00e1reas do conhecimento, promovendo e contribuindo para o desenvolvimento pleno e sustent\u00e1vel, e a melhoria da qualidade dos benef\u00edcios e solu\u00e7\u00f5es oferecidos pelas CDLs, proporcionando a troca de ideias e informa\u00e7\u00f5es, visando conseguir a\u00e7\u00e3o conjunta das CDLs nos estudos e na defesa de seus problemas peculiares, difundindo suas solu\u00e7\u00f5es \u00e0s entidades associadas.<\/span><\/p><\/div>\n\t\t\t\t<\/div>\n\t\t\t\t<\/div>\n\t\t\t\t\t\t<\/div>\n\t\t\t<\/div>\n\t\t<\/div>\n\t\t\t\t<div class=\"elementor-element elementor-element-1371e67 elementor-column elementor-col-50 elementor-inner-column\" data-id=\"1371e67\" data-element_type=\"column\">\n\t\t\t<div class=\"elementor-column-wrap  elementor-element-populated\">\n\t\t\t\t\t<div class=\"elementor-widget-wrap\">\n\t\t\t\t<div class=\"elementor-element elementor-element-def4666 elementor-widget elementor-widget-text-editor\" data-id=\"def4666\" data-element_type=\"widget\" data-widget_type=\"text-editor.default\">\n\t\t\t\t<div class=\"elementor-widget-container\">\n\t\t\t\t\t<div class=\"elementor-text-editor elementor-clearfix\"><p><b>VIS\u00c3O<\/b><\/p><p><span style=\"font-weight: 400;\">Fazer das CDLs entidades de classe da maior credibilidade, por meio de a\u00e7\u00f5es mais abrangentes e do planejamento de novos rumos, coerentes com as tend\u00eancias e transforma\u00e7\u00f5es provindos da globaliza\u00e7\u00e3o.<\/span><\/p><\/div>\n\t\t\t\t<\/div>\n\t\t\t\t<\/div>\n\t\t\t\t\t\t<\/div>\n\t\t\t<\/div>\n\t\t<\/div>\n\t\t\t\t\t\t<\/div>\n\t\t\t<\/div>\n\t\t<\/section>\n\t\t\t\t\t\t<\/div>\n\t\t\t<\/div>\n\t\t<\/div>\n\t\t\t\t\t\t<\/div>\n\t\t\t<\/div>\n\t\t<\/section>\n\t\t\t\t<section class=\"elementor-element elementor-element-61837ca elementor-section-stretched elementor-section-boxed elementor-section-height-default elementor-section-height-default elementor-section elementor-top-section\" data-id=\"61837ca\" data-element_type=\"section\" data-settings=\"{&quot;stretch_section&quot;:&quot;section-stretched&quot;}\">\n\t\t\t\t\t\t<div class=\"elementor-container elementor-column-gap-extended\">\n\t\t\t\t<div class=\"elementor-row\">\n\t\t\t\t<div class=\"elementor-element elementor-element-a33aebb elementor-column elementor-col-100 elementor-top-column\" data-id=\"a33aebb\" data-element_type=\"column\">\n\t\t\t<div class=\"elementor-column-wrap  elementor-element-populated\">\n\t\t\t\t\t<div class=\"elementor-widget-wrap\">\n\t\t\t\t<div class=\"elementor-element elementor-element-dfd252c elementor-widget elementor-widget-spacer\" data-id=\"dfd252c\" data-element_type=\"widget\" data-widget_type=\"spacer.default\">\n\t\t\t\t<div class=\"elementor-widget-container\">\n\t\t\t\t\t<div class=\"elementor-spacer\">\n\t\t\t<div class=\"elementor-spacer-inner\"><\/div>\n\t\t<\/div>\n\t\t\t\t<\/div>\n\t\t\t\t<\/div>\n\t\t\t\t<div class=\"elementor-element elementor-element-0c14b3f elementor-widget elementor-widget-heading\" data-id=\"0c14b3f\" data-element_type=\"widget\" data-widget_type=\"heading.default\">\n\t\t\t\t<div class=\"elementor-widget-container\">\n\t\t\t<h2 class=\"elementor-heading-title elementor-size-default\">PALAVRA DO PRESIDENTE<\/h2>\t\t<\/div>\n\t\t\t\t<\/div>\n\t\t\t\t<div class=\"elementor-element elementor-element-6b955df elementor-widget elementor-widget-spacer\" data-id=\"6b955df\" data-element_type=\"widget\" data-widget_type=\"spacer.default\">\n\t\t\t\t<div class=\"elementor-widget-container\">\n\t\t\t\t\t<div class=\"elementor-spacer\">\n\t\t\t<div class=\"elementor-spacer-inner\"><\/div>\n\t\t<\/div>\n\t\t\t\t<\/div>\n\t\t\t\t<\/div>\n\t\t\t\t<div class=\"elementor-element elementor-element-f2f0c04 elementor-widget elementor-widget-careerup_testimonials\" data-id=\"f2f0c04\" data-element_type=\"widget\" data-widget_type=\"careerup_testimonials.default\">\n\t\t\t\t<div class=\"elementor-widget-container\">\n\t\t\t            <div class=\"widget widget-testimonials  style2\">\n                <div class=\"slick-carousel testimonial-main\" data-carousel=\"slick\" data-items=\"1\" data-smallmedium=\"1\" data-extrasmall=\"1\" data-pagination=\"true\" data-nav=\"false\">\n                                                            <div class=\"item\">\n                        <div class=\"testimonials-item\">\n                                                            <div class=\"avarta\">\n                                    <img decoding=\"async\" src=\"https:\/\/fcdlce.com.br\/bancodetalentos\/wp-content\/uploads\/2020\/01\/presidente.png\" alt=\"Francisco Freitas Cordeiro\">\n                                <\/div>\n                                                        <div class=\"info-testimonials\">\n                                                                 <h3 class=\"name-client\"><a href=\"#\" target=\"_self\">Francisco Freitas Cordeiro<\/a><\/h3>                                \n                                                                    <span class=\"job text-theme\">Presidente - FCDL CE<\/span>\n                                                                                                    <div class=\"description\">O varejo nacional, instigado por tamanha adversidade, busca renovar-se, investindo em ferramentas modernas, espelhando-se nas experi\u00eancias exitosas de economias de primeiro mundo. <\/div>\n                                                                                            <\/div>\n                        <\/div>\n                    <\/div>\n                                    <\/div>\n            <\/div>\n            \t\t<\/div>\n\t\t\t\t<\/div>\n\t\t\t\t<div class=\"elementor-element elementor-element-f3c35d4 elementor-widget elementor-widget-spacer\" data-id=\"f3c35d4\" data-element_type=\"widget\" data-widget_type=\"spacer.default\">\n\t\t\t\t<div class=\"elementor-widget-container\">\n\t\t\t\t\t<div class=\"elementor-spacer\">\n\t\t\t<div class=\"elementor-spacer-inner\"><\/div>\n\t\t<\/div>\n\t\t\t\t<\/div>\n\t\t\t\t<\/div>\n\t\t\t\t\t\t<\/div>\n\t\t\t<\/div>\n\t\t<\/div>\n\t\t\t\t\t\t<\/div>\n\t\t\t<\/div>\n\t\t<\/section>\n\t\t\t\t\t\t<\/div>\n\t\t\t<\/div>\n\t\t<\/div>\n\t\t","protected":false},"excerpt":{"rendered":"<p>BANCO DE TALENTOS A Federa\u00e7\u00e3o das CDLs do Estado do Cear\u00e1 apresenta a plataforma BANCO DE TALENTOS, um sistema desenvolvido para aproximar empresas e candidatos que buscam servi\u00e7os de recrutamento, sele\u00e7\u00e3o e capacita\u00e7\u00e3o profissional. Cadastre-se FEDERA\u00c7\u00c3O DAS CDLs DO ESTADO DO CEAR\u00c1 A Federa\u00e7\u00e3o das C\u00e2maras de Dirigentes Lojistas e as 83 CDLs atuam em [&hellip;]<\/p>\n","protected":false},"author":1,"featured_media":0,"parent":0,"menu_order":0,"comment_status":"closed","ping_status":"closed","template":"","meta":[],"_links":{"self":[{"href":"https:\/\/fcdlce.com.br\/bancodetalentos\/wp-json\/wp\/v2\/pages\/158"}],"collection":[{"href":"https:\/\/fcdlce.com.br\/bancodetalentos\/wp-json\/wp\/v2\/pages"}],"about":[{"href":"https:\/\/fcdlce.com.br\/bancodetalentos\/wp-json\/wp\/v2\/types\/page"}],"author":[{"embeddable":true,"href":"https:\/\/fcdlce.com.br\/bancodetalentos\/wp-json\/wp\/v2\/users\/1"}],"replies":[{"embeddable":true,"href":"https:\/\/fcdlce.com.br\/bancodetalentos\/wp-json\/wp\/v2\/comments?post=158"}],"version-history":[{"count":31,"href":"https:\/\/fcdlce.com.br\/bancodetalentos\/wp-json\/wp\/v2\/pages\/158\/revisions"}],"predecessor-version":[{"id":4701,"href":"https:\/\/fcdlce.com.br\/bancodetalentos\/wp-json\/wp\/v2\/pages\/158\/revisions\/4701"}],"wp:attachment":[{"href":"https:\/\/fcdlce.com.br\/bancodetalentos\/wp-json\/wp\/v2\/media?parent=158"}],"curies":[{"name":"wp","href":"https:\/\/api.w.org\/{rel}","templated":true}]}}