{"id":1391,"date":"2019-06-05T01:26:06","date_gmt":"2019-06-05T04:26:06","guid":{"rendered":"http:\/\/demoapus-wp.com\/careerup\/?page_id=1391"},"modified":"2020-02-01T17:41:18","modified_gmt":"2020-02-01T19:41:18","slug":"mensagens","status":"publish","type":"page","link":"https:\/\/fcdlce.com.br\/bancodetalentos\/mensagens\/","title":{"rendered":"Mensagens"},"content":{"rendered":"\t\t<div data-elementor-type=\"wp-post\" data-elementor-id=\"1391\" class=\"elementor elementor-1391\" data-elementor-settings=\"[]\">\n\t\t\t<div class=\"elementor-inner\">\n\t\t\t\t<div class=\"elementor-section-wrap\">\n\t\t\t\t\t\t\t<section class=\"elementor-element elementor-element-5b9a elementor-section-boxed elementor-section-height-default elementor-section-height-default elementor-section elementor-top-section\" data-id=\"5b9a\" data-element_type=\"section\">\n\t\t\t\t\t\t<div class=\"elementor-container elementor-column-gap-default\">\n\t\t\t\t<div class=\"elementor-row\">\n\t\t\t\t<div class=\"elementor-element elementor-element-1ccb elementor-column elementor-col-100 elementor-top-column\" data-id=\"1ccb\" data-element_type=\"column\">\n\t\t\t<div class=\"elementor-column-wrap  elementor-element-populated\">\n\t\t\t\t\t<div class=\"elementor-widget-wrap\">\n\t\t\t\t<div class=\"elementor-element elementor-element-3613329 elementor-hidden-phone elementor-widget elementor-widget-spacer\" data-id=\"3613329\" data-element_type=\"widget\" data-widget_type=\"spacer.default\">\n\t\t\t\t<div class=\"elementor-widget-container\">\n\t\t\t\t\t<div class=\"elementor-spacer\">\n\t\t\t<div class=\"elementor-spacer-inner\"><\/div>\n\t\t<\/div>\n\t\t\t\t<\/div>\n\t\t\t\t<\/div>\n\t\t\t\t<div class=\"elementor-element elementor-element-4ca8 elementor-widget elementor-widget-shortcode\" data-id=\"4ca8\" data-element_type=\"widget\" data-widget_type=\"shortcode.default\">\n\t\t\t\t<div class=\"elementor-widget-container\">\n\t\t\t\t\t<div class=\"elementor-shortcode\">\n<div class=\"alert alert-warning\">\n\tVoc\u00ea n\u00e3o tem permiss\u00e3o para acessar esta p\u00e1gina.<\/div><!-- \/.alert -->\n<\/div>\n\t\t\t\t<\/div>\n\t\t\t\t<\/div>\n\t\t\t\t<div class=\"elementor-element elementor-element-63ed16e elementor-widget elementor-widget-spacer\" data-id=\"63ed16e\" data-element_type=\"widget\" data-widget_type=\"spacer.default\">\n\t\t\t\t<div class=\"elementor-widget-container\">\n\t\t\t\t\t<div class=\"elementor-spacer\">\n\t\t\t<div class=\"elementor-spacer-inner\"><\/div>\n\t\t<\/div>\n\t\t\t\t<\/div>\n\t\t\t\t<\/div>\n\t\t\t\t\t\t<\/div>\n\t\t\t<\/div>\n\t\t<\/div>\n\t\t\t\t\t\t<\/div>\n\t\t\t<\/div>\n\t\t<\/section>\n\t\t\t\t\t\t<\/div>\n\t\t\t<\/div>\n\t\t<\/div>\n\t\t","protected":false},"excerpt":{"rendered":"","protected":false},"author":1,"featured_media":0,"parent":0,"menu_order":0,"comment_status":"closed","ping_status":"closed","template":"page-dashboard.php","meta":[],"_links":{"self":[{"href":"https:\/\/fcdlce.com.br\/bancodetalentos\/wp-json\/wp\/v2\/pages\/1391"}],"collection":[{"href":"https:\/\/fcdlce.com.br\/bancodetalentos\/wp-json\/wp\/v2\/pages"}],"about":[{"href":"https:\/\/fcdlce.com.br\/bancodetalentos\/wp-json\/wp\/v2\/types\/page"}],"author":[{"embeddable":true,"href":"https:\/\/fcdlce.com.br\/bancodetalentos\/wp-json\/wp\/v2\/users\/1"}],"replies":[{"embeddable":true,"href":"https:\/\/fcdlce.com.br\/bancodetalentos\/wp-json\/wp\/v2\/comments?post=1391"}],"version-history":[{"count":1,"href":"https:\/\/fcdlce.com.br\/bancodetalentos\/wp-json\/wp\/v2\/pages\/1391\/revisions"}],"predecessor-version":[{"id":1659,"href":"https:\/\/fcdlce.com.br\/bancodetalentos\/wp-json\/wp\/v2\/pages\/1391\/revisions\/1659"}],"wp:attachment":[{"href":"https:\/\/fcdlce.com.br\/bancodetalentos\/wp-json\/wp\/v2\/media?parent=1391"}],"curies":[{"name":"wp","href":"https:\/\/api.w.org\/{rel}","templated":true}]}}